{"id":71,"date":"2025-04-07T05:46:45","date_gmt":"2025-04-07T05:46:45","guid":{"rendered":"https:\/\/asautomatik.com\/?page_id=71"},"modified":"2026-02-15T17:57:29","modified_gmt":"2026-02-15T17:57:29","slug":"inicio","status":"publish","type":"page","link":"https:\/\/asautomatik.com\/en\/","title":{"rendered":"Home"},"content":{"rendered":"\t\t<div data-elementor-type=\"wp-post\" data-elementor-id=\"71\" class=\"elementor elementor-71\">\n\t\t\t\t<div class=\"elementor-element elementor-element-2941ccb e-flex e-con-boxed e-con e-parent\" data-id=\"2941ccb\" data-element_type=\"container\" data-e-type=\"container\" data-settings=\"{&quot;background_background&quot;:&quot;video&quot;,&quot;background_video_link&quot;:&quot;https:\\\/\\\/asautomatik.com\\\/wp-content\\\/uploads\\\/2025\\\/04\\\/Garra_home_compress.mp4&quot;,&quot;background_play_on_mobile&quot;:&quot;yes&quot;}\">\n\t\t\t\t\t<div class=\"e-con-inner\">\n\t\t<div class=\"elementor-background-video-container\">\n\t\t\t\t\t\t\t<video class=\"elementor-background-video-hosted\" role=\"presentation\" autoplay muted playsinline loop><\/video>\n\t\t\t\t\t<\/div>\t\t<div class=\"elementor-element elementor-element-61b8f9c elementor-widget elementor-widget-heading\" data-id=\"61b8f9c\" data-element_type=\"widget\" data-e-type=\"widget\" id=\"titulo_principal\" data-widget_type=\"heading.default\">\n\t\t\t\t<div class=\"elementor-widget-container\">\n\t\t\t\t\t<h1 class=\"elementor-heading-title elementor-size-default\">AS<span style=\"font-size:56px\" class=\"leyenda_index_logo\">AUTOMATIK<\/span><br> \n<span style=\"font-size:50px\" class=\"leyenda_index\">Conectando Innovaci\u00f3n y Eficiencia<\/span><\/h1>\t\t\t\t<\/div>\n\t\t\t\t<\/div>\n\t\t\t\t\t<\/div>\n\t\t\t\t<\/div>\n\t\t<div class=\"elementor-element elementor-element-f5bb6d2 e-flex e-con-boxed e-con e-parent\" data-id=\"f5bb6d2\" data-element_type=\"container\" data-e-type=\"container\">\n\t\t\t\t\t<div class=\"e-con-inner\">\n\t\t\t\t<div class=\"elementor-element elementor-element-1b2529e elementor-widget elementor-widget-spacer\" data-id=\"1b2529e\" data-element_type=\"widget\" data-e-type=\"widget\" data-widget_type=\"spacer.default\">\n\t\t\t\t<div class=\"elementor-widget-container\">\n\t\t\t\t\t\t\t<div class=\"elementor-spacer\">\n\t\t\t<div class=\"elementor-spacer-inner\"><\/div>\n\t\t<\/div>\n\t\t\t\t\t\t<\/div>\n\t\t\t\t<\/div>\n\t\t\t\t\t<\/div>\n\t\t\t\t<\/div>\n\t\t<div class=\"elementor-element elementor-element-d26d660 e-flex e-con-boxed e-con e-parent\" data-id=\"d26d660\" data-element_type=\"container\" data-e-type=\"container\" data-settings=\"{&quot;background_background&quot;:&quot;classic&quot;}\">\n\t\t\t\t\t<div class=\"e-con-inner\">\n\t\t<div class=\"elementor-element elementor-element-c1d494c e-con-full e-flex e-con e-child\" data-id=\"c1d494c\" data-element_type=\"container\" data-e-type=\"container\">\n\t\t\t\t<div class=\"elementor-element elementor-element-7c8bceb elementor-widget elementor-widget-heading\" data-id=\"7c8bceb\" data-element_type=\"widget\" data-e-type=\"widget\" data-widget_type=\"heading.default\">\n\t\t\t\t<div class=\"elementor-widget-container\">\n\t\t\t\t\t<h2 class=\"elementor-heading-title elementor-size-default\">Soluciones innovadoras para automatizar procesos industriales<\/h2>\t\t\t\t<\/div>\n\t\t\t\t<\/div>\n\t\t\t\t<\/div>\n\t\t\t\t<div class=\"elementor-element elementor-element-9595aa5 elementor-widget elementor-widget-text-editor\" data-id=\"9595aa5\" data-element_type=\"widget\" data-e-type=\"widget\" data-widget_type=\"text-editor.default\">\n\t\t\t\t<div class=\"elementor-widget-container\">\n\t\t\t\t\t\t\t\t\t<p>Explora nuestra gama de servicios dise\u00f1ados para maximizar la eficiencia y garantizar tu satisfacci\u00f3n<\/p>\t\t\t\t\t\t\t\t<\/div>\n\t\t\t\t<\/div>\n\t\t\t\t\t<\/div>\n\t\t\t\t<\/div>\n\t\t<div class=\"elementor-element elementor-element-342c836 e-grid e-con-boxed e-con e-parent\" data-id=\"342c836\" data-element_type=\"container\" data-e-type=\"container\">\n\t\t\t\t\t<div class=\"e-con-inner\">\n\t\t\t\t<div class=\"elementor-element elementor-element-f8d8993 elementor-position-top elementor-widget elementor-widget-image-box\" data-id=\"f8d8993\" data-element_type=\"widget\" data-e-type=\"widget\" data-widget_type=\"image-box.default\">\n\t\t\t\t<div class=\"elementor-widget-container\">\n\t\t\t\t\t<div class=\"elementor-image-box-wrapper\"><figure class=\"elementor-image-box-img\"><a href=\"https:\/\/asautomatik.com\/automatizacion\/\" tabindex=\"-1\"><img fetchpriority=\"high\" decoding=\"async\" width=\"800\" height=\"533\" src=\"https:\/\/asautomatik.com\/wp-content\/uploads\/2025\/04\/Armario-con-programador-1.jpg\" class=\"attachment-large size-large wp-image-703\" alt=\"\" srcset=\"https:\/\/asautomatik.com\/wp-content\/uploads\/2025\/04\/Armario-con-programador-1.jpg 900w, https:\/\/asautomatik.com\/wp-content\/uploads\/2025\/04\/Armario-con-programador-1-300x200.jpg 300w, https:\/\/asautomatik.com\/wp-content\/uploads\/2025\/04\/Armario-con-programador-1-768x512.jpg 768w, https:\/\/asautomatik.com\/wp-content\/uploads\/2025\/04\/Armario-con-programador-1-18x12.jpg 18w\" sizes=\"(max-width: 800px) 100vw, 800px\" \/><\/a><\/figure><div class=\"elementor-image-box-content\"><h3 class=\"elementor-image-box-title\"><a href=\"https:\/\/asautomatik.com\/automatizacion\/\">Automatizaci\u00f3n Avanzada<\/a><\/h3><p class=\"elementor-image-box-description\">Contamos con sistemas de manipulaci\u00f3n de componentes e  implementamos sistemas rob\u00f3ticos para mejorar la precisi\u00f3n y el rendimiento<\/p><\/div><\/div>\t\t\t\t<\/div>\n\t\t\t\t<\/div>\n\t\t\t\t<div class=\"elementor-element elementor-element-3d177e8 elementor-position-top elementor-widget elementor-widget-image-box\" data-id=\"3d177e8\" data-element_type=\"widget\" data-e-type=\"widget\" data-widget_type=\"image-box.default\">\n\t\t\t\t<div class=\"elementor-widget-container\">\n\t\t\t\t\t<div class=\"elementor-image-box-wrapper\"><figure class=\"elementor-image-box-img\"><a href=\"https:\/\/asautomatik.com\/diseno\/\" tabindex=\"-1\"><img decoding=\"async\" width=\"800\" height=\"534\" src=\"https:\/\/asautomatik.com\/wp-content\/uploads\/2025\/04\/anteproyectos-arquitectonicos_1359-437.jpg\" class=\"attachment-large size-large wp-image-263\" alt=\"\" srcset=\"https:\/\/asautomatik.com\/wp-content\/uploads\/2025\/04\/anteproyectos-arquitectonicos_1359-437.jpg 900w, https:\/\/asautomatik.com\/wp-content\/uploads\/2025\/04\/anteproyectos-arquitectonicos_1359-437-300x200.jpg 300w, https:\/\/asautomatik.com\/wp-content\/uploads\/2025\/04\/anteproyectos-arquitectonicos_1359-437-768x513.jpg 768w, https:\/\/asautomatik.com\/wp-content\/uploads\/2025\/04\/anteproyectos-arquitectonicos_1359-437-18x12.jpg 18w\" sizes=\"(max-width: 800px) 100vw, 800px\" \/><\/a><\/figure><div class=\"elementor-image-box-content\"><h3 class=\"elementor-image-box-title\"><a href=\"https:\/\/asautomatik.com\/diseno\/\">Dise\u00f1o de Maquinaria<\/a><\/h3><p class=\"elementor-image-box-description\">Creamos equipos adaptados a tus procesos para optimizar tu productividad. Dise\u00f1os seg\u00fan los requisitos y necesidades de nuestros clientes<\/p><\/div><\/div>\t\t\t\t<\/div>\n\t\t\t\t<\/div>\n\t\t\t\t<div class=\"elementor-element elementor-element-787fbca elementor-position-top elementor-widget elementor-widget-image-box\" data-id=\"787fbca\" data-element_type=\"widget\" data-e-type=\"widget\" data-widget_type=\"image-box.default\">\n\t\t\t\t<div class=\"elementor-widget-container\">\n\t\t\t\t\t<div class=\"elementor-image-box-wrapper\"><figure class=\"elementor-image-box-img\"><a href=\"https:\/\/asautomatik.com\/soluciones-llave-en-mano\/\" tabindex=\"-1\"><img decoding=\"async\" width=\"526\" height=\"359\" src=\"https:\/\/asautomatik.com\/wp-content\/uploads\/2025\/04\/proyectosMano.jpg\" class=\"attachment-full size-full wp-image-751\" alt=\"\" srcset=\"https:\/\/asautomatik.com\/wp-content\/uploads\/2025\/04\/proyectosMano.jpg 526w, https:\/\/asautomatik.com\/wp-content\/uploads\/2025\/04\/proyectosMano-300x205.jpg 300w, https:\/\/asautomatik.com\/wp-content\/uploads\/2025\/04\/proyectosMano-18x12.jpg 18w\" sizes=\"(max-width: 526px) 100vw, 526px\" \/><\/a><\/figure><div class=\"elementor-image-box-content\"><h3 class=\"elementor-image-box-title\"><a href=\"https:\/\/asautomatik.com\/soluciones-llave-en-mano\/\">Proyectos llave en mano<\/a><\/h3><p class=\"elementor-image-box-description\">Podemos dise\u00f1ar, planificar y construir proyectos completos, seg\u00fan las necesidades del cliente\n<\/p><\/div><\/div>\t\t\t\t<\/div>\n\t\t\t\t<\/div>\n\t\t\t\t\t<\/div>\n\t\t\t\t<\/div>\n\t\t<div class=\"elementor-element elementor-element-3b12f95 e-flex e-con-boxed e-con e-parent\" data-id=\"3b12f95\" data-element_type=\"container\" data-e-type=\"container\">\n\t\t\t\t\t<div class=\"e-con-inner\">\n\t\t\t\t<div class=\"elementor-element elementor-element-bcf8f44 elementor-widget elementor-widget-spacer\" data-id=\"bcf8f44\" data-element_type=\"widget\" data-e-type=\"widget\" data-widget_type=\"spacer.default\">\n\t\t\t\t<div class=\"elementor-widget-container\">\n\t\t\t\t\t\t\t<div class=\"elementor-spacer\">\n\t\t\t<div class=\"elementor-spacer-inner\"><\/div>\n\t\t<\/div>\n\t\t\t\t\t\t<\/div>\n\t\t\t\t<\/div>\n\t\t\t\t\t<\/div>\n\t\t\t\t<\/div>\n\t\t<div class=\"elementor-element elementor-element-7477ea9 e-flex e-con-boxed e-con e-parent\" data-id=\"7477ea9\" data-element_type=\"container\" data-e-type=\"container\" data-settings=\"{&quot;background_background&quot;:&quot;classic&quot;}\">\n\t\t\t\t\t<div class=\"e-con-inner\">\n\t\t<div class=\"elementor-element elementor-element-bfc9bee e-con-full e-flex e-con e-child\" data-id=\"bfc9bee\" data-element_type=\"container\" data-e-type=\"container\" data-settings=\"{&quot;background_background&quot;:&quot;slideshow&quot;,&quot;background_slideshow_gallery&quot;:[{&quot;id&quot;:54,&quot;url&quot;:&quot;https:\\\/\\\/asautomatik.com\\\/wp-content\\\/uploads\\\/2025\\\/04\\\/9c2f2c2af6890d9bba68a6b124f376511decc039.jpg&quot;},{&quot;id&quot;:336,&quot;url&quot;:&quot;https:\\\/\\\/asautomatik.com\\\/wp-content\\\/uploads\\\/2025\\\/04\\\/anteproyectos-arquitectonicos_1359-441.jpg&quot;},{&quot;id&quot;:262,&quot;url&quot;:&quot;https:\\\/\\\/asautomatik.com\\\/wp-content\\\/uploads\\\/2025\\\/04\\\/milling-gcf29c8f8b_1920.jpg&quot;},{&quot;id&quot;:307,&quot;url&quot;:&quot;https:\\\/\\\/asautomatik.com\\\/wp-content\\\/uploads\\\/2025\\\/04\\\/pexels-photo-30658380.webp&quot;},{&quot;id&quot;:49,&quot;url&quot;:&quot;https:\\\/\\\/asautomatik.com\\\/wp-content\\\/uploads\\\/2025\\\/04\\\/512e9333dab4196b889f54e4153831a940663668.jpg&quot;}],&quot;background_slideshow_slide_duration&quot;:2500,&quot;background_slideshow_slide_transition&quot;:&quot;slide_right&quot;,&quot;background_slideshow_ken_burns&quot;:&quot;yes&quot;,&quot;background_slideshow_loop&quot;:&quot;yes&quot;,&quot;background_slideshow_transition_duration&quot;:500,&quot;background_slideshow_ken_burns_zoom_direction&quot;:&quot;in&quot;}\">\n\t\t\t\t<\/div>\n\t\t<div class=\"elementor-element elementor-element-67555d5 e-con-full e-flex e-con e-child\" data-id=\"67555d5\" data-element_type=\"container\" data-e-type=\"container\">\n\t\t\t\t<div class=\"elementor-element elementor-element-7ec58ae elementor-widget elementor-widget-text-editor\" data-id=\"7ec58ae\" data-element_type=\"widget\" data-e-type=\"widget\" data-widget_type=\"text-editor.default\">\n\t\t\t\t<div class=\"elementor-widget-container\">\n\t\t\t\t\t\t\t\t\t<h2>Soluciones de vanguardia para la industria moderna<\/h2><p>Dise\u00f1amos y fabricamos <strong>maquinaria industrial<\/strong> de alto rendimiento adaptada a las necesidades de la industria actual.\u00a0<\/p>\t\t\t\t\t\t\t\t<\/div>\n\t\t\t\t<\/div>\n\t\t\t\t<div class=\"elementor-element elementor-element-a20d4a2 elementor-position-inline-start elementor-mobile-position-inline-start elementor-view-default elementor-widget elementor-widget-icon-box\" data-id=\"a20d4a2\" data-element_type=\"widget\" data-e-type=\"widget\" data-widget_type=\"icon-box.default\">\n\t\t\t\t<div class=\"elementor-widget-container\">\n\t\t\t\t\t\t\t<div class=\"elementor-icon-box-wrapper\">\n\n\t\t\t\t\t\t<div class=\"elementor-icon-box-icon\">\n\t\t\t\t<span  class=\"elementor-icon\">\n\t\t\t\t<svg aria-hidden=\"true\" class=\"e-font-icon-svg e-far-check-circle\" viewBox=\"0 0 512 512\" xmlns=\"http:\/\/www.w3.org\/2000\/svg\"><path d=\"M256 8C119.033 8 8 119.033 8 256s111.033 248 248 248 248-111.033 248-248S392.967 8 256 8zm0 48c110.532 0 200 89.451 200 200 0 110.532-89.451 200-200 200-110.532 0-200-89.451-200-200 0-110.532 89.451-200 200-200m140.204 130.267l-22.536-22.718c-4.667-4.705-12.265-4.736-16.97-.068L215.346 303.697l-59.792-60.277c-4.667-4.705-12.265-4.736-16.97-.069l-22.719 22.536c-4.705 4.667-4.736 12.265-.068 16.971l90.781 91.516c4.667 4.705 12.265 4.736 16.97.068l172.589-171.204c4.704-4.668 4.734-12.266.067-16.971z\"><\/path><\/svg>\t\t\t\t<\/span>\n\t\t\t<\/div>\n\t\t\t\n\t\t\t\t\t\t<div class=\"elementor-icon-box-content\">\n\n\t\t\t\t\t\t\t\t\t<h3 class=\"elementor-icon-box-title\">\n\t\t\t\t\t\t<span  >\n\t\t\t\t\t\t\tInnovaci\u00f3n constante\t\t\t\t\t\t<\/span>\n\t\t\t\t\t<\/h3>\n\t\t\t\t\n\t\t\t\t\t\t\t\t\t<p class=\"elementor-icon-box-description\">\n\t\t\t\t\t\tOptimizamos procesos con tecnolog\u00eda de \u00faltima generaci\u00f3n.\t\t\t\t\t<\/p>\n\t\t\t\t\n\t\t\t<\/div>\n\t\t\t\n\t\t<\/div>\n\t\t\t\t\t\t<\/div>\n\t\t\t\t<\/div>\n\t\t\t\t<div class=\"elementor-element elementor-element-a59ed04 elementor-position-inline-start elementor-mobile-position-inline-start elementor-view-default elementor-widget elementor-widget-icon-box\" data-id=\"a59ed04\" data-element_type=\"widget\" data-e-type=\"widget\" data-widget_type=\"icon-box.default\">\n\t\t\t\t<div class=\"elementor-widget-container\">\n\t\t\t\t\t\t\t<div class=\"elementor-icon-box-wrapper\">\n\n\t\t\t\t\t\t<div class=\"elementor-icon-box-icon\">\n\t\t\t\t<span  class=\"elementor-icon\">\n\t\t\t\t<svg aria-hidden=\"true\" class=\"e-font-icon-svg e-far-check-circle\" viewBox=\"0 0 512 512\" xmlns=\"http:\/\/www.w3.org\/2000\/svg\"><path d=\"M256 8C119.033 8 8 119.033 8 256s111.033 248 248 248 248-111.033 248-248S392.967 8 256 8zm0 48c110.532 0 200 89.451 200 200 0 110.532-89.451 200-200 200-110.532 0-200-89.451-200-200 0-110.532 89.451-200 200-200m140.204 130.267l-22.536-22.718c-4.667-4.705-12.265-4.736-16.97-.068L215.346 303.697l-59.792-60.277c-4.667-4.705-12.265-4.736-16.97-.069l-22.719 22.536c-4.705 4.667-4.736 12.265-.068 16.971l90.781 91.516c4.667 4.705 12.265 4.736 16.97.068l172.589-171.204c4.704-4.668 4.734-12.266.067-16.971z\"><\/path><\/svg>\t\t\t\t<\/span>\n\t\t\t<\/div>\n\t\t\t\n\t\t\t\t\t\t<div class=\"elementor-icon-box-content\">\n\n\t\t\t\t\t\t\t\t\t<h3 class=\"elementor-icon-box-title\">\n\t\t\t\t\t\t<span  >\n\t\t\t\t\t\t\tPrecisi\u00f3n garantizada\t\t\t\t\t\t<\/span>\n\t\t\t\t\t<\/h3>\n\t\t\t\t\n\t\t\t\t\t\t\t\t\t<p class=\"elementor-icon-box-description\">\n\t\t\t\t\t\tAumentamos la productividad con sistemas automatizados.\t\t\t\t\t<\/p>\n\t\t\t\t\n\t\t\t<\/div>\n\t\t\t\n\t\t<\/div>\n\t\t\t\t\t\t<\/div>\n\t\t\t\t<\/div>\n\t\t\t\t<div class=\"elementor-element elementor-element-96118b2 elementor-position-inline-start elementor-mobile-position-inline-start elementor-view-default elementor-widget elementor-widget-icon-box\" data-id=\"96118b2\" data-element_type=\"widget\" data-e-type=\"widget\" data-widget_type=\"icon-box.default\">\n\t\t\t\t<div class=\"elementor-widget-container\">\n\t\t\t\t\t\t\t<div class=\"elementor-icon-box-wrapper\">\n\n\t\t\t\t\t\t<div class=\"elementor-icon-box-icon\">\n\t\t\t\t<span  class=\"elementor-icon\">\n\t\t\t\t<svg aria-hidden=\"true\" class=\"e-font-icon-svg e-far-check-circle\" viewBox=\"0 0 512 512\" xmlns=\"http:\/\/www.w3.org\/2000\/svg\"><path d=\"M256 8C119.033 8 8 119.033 8 256s111.033 248 248 248 248-111.033 248-248S392.967 8 256 8zm0 48c110.532 0 200 89.451 200 200 0 110.532-89.451 200-200 200-110.532 0-200-89.451-200-200 0-110.532 89.451-200 200-200m140.204 130.267l-22.536-22.718c-4.667-4.705-12.265-4.736-16.97-.068L215.346 303.697l-59.792-60.277c-4.667-4.705-12.265-4.736-16.97-.069l-22.719 22.536c-4.705 4.667-4.736 12.265-.068 16.971l90.781 91.516c4.667 4.705 12.265 4.736 16.97.068l172.589-171.204c4.704-4.668 4.734-12.266.067-16.971z\"><\/path><\/svg>\t\t\t\t<\/span>\n\t\t\t<\/div>\n\t\t\t\n\t\t\t\t\t\t<div class=\"elementor-icon-box-content\">\n\n\t\t\t\t\t\t\t\t\t<h3 class=\"elementor-icon-box-title\">\n\t\t\t\t\t\t<span  >\n\t\t\t\t\t\t\tEficiencia sin l\u00edmites\t\t\t\t\t\t<\/span>\n\t\t\t\t\t<\/h3>\n\t\t\t\t\n\t\t\t\t\t\t\t\t\t<p class=\"elementor-icon-box-description\">\n\t\t\t\t\t\tMejoramos la calidad operativa con ingenier\u00eda avanzada\t\t\t\t\t<\/p>\n\t\t\t\t\n\t\t\t<\/div>\n\t\t\t\n\t\t<\/div>\n\t\t\t\t\t\t<\/div>\n\t\t\t\t<\/div>\n\t\t\t\t<\/div>\n\t\t\t\t\t<\/div>\n\t\t\t\t<\/div>\n\t\t<div class=\"elementor-element elementor-element-f55f8e2 e-flex e-con-boxed e-con e-parent\" data-id=\"f55f8e2\" data-element_type=\"container\" data-e-type=\"container\" data-settings=\"{&quot;background_background&quot;:&quot;classic&quot;}\">\n\t\t\t\t\t<div class=\"e-con-inner\">\n\t\t<div class=\"elementor-element elementor-element-2d7b981 e-con-full e-flex e-con e-child\" data-id=\"2d7b981\" data-element_type=\"container\" data-e-type=\"container\">\n\t\t\t\t<div class=\"elementor-element elementor-element-827b026 elementor-widget elementor-widget-text-editor\" data-id=\"827b026\" data-element_type=\"widget\" data-e-type=\"widget\" data-widget_type=\"text-editor.default\">\n\t\t\t\t<div class=\"elementor-widget-container\">\n\t\t\t\t\t\t\t\t\t<h3 class=\"western\">\u00bfTienes un proyecto en mente?<\/h3><p>Contacta con nosotros y cu\u00e9ntanos qu\u00e9 necesitas. En <strong>ASAUTOMATIK<\/strong> convertimos tus ideas en herramientas reales y funcionales. <br \/><strong>Somos fabricantes, somos soluciones.<\/strong><\/p>\t\t\t\t\t\t\t\t<\/div>\n\t\t\t\t<\/div>\n\t\t\t\t<\/div>\n\t\t<div class=\"elementor-element elementor-element-d4be421 e-con-full e-flex e-con e-child\" data-id=\"d4be421\" data-element_type=\"container\" data-e-type=\"container\">\n\t\t\t\t<div class=\"elementor-element elementor-element-7b0b0a1 elementor-button-info elementor-align-center elementor-widget elementor-widget-button\" data-id=\"7b0b0a1\" data-element_type=\"widget\" data-e-type=\"widget\" data-widget_type=\"button.default\">\n\t\t\t\t<div class=\"elementor-widget-container\">\n\t\t\t\t\t\t\t\t\t<div class=\"elementor-button-wrapper\">\n\t\t\t\t\t<a class=\"elementor-button elementor-button-link elementor-size-sm\" href=\"https:\/\/asautomatik.com\/contacto\/\">\n\t\t\t\t\t\t<span class=\"elementor-button-content-wrapper\">\n\t\t\t\t\t\t\t\t\t<span class=\"elementor-button-text\">Contactar<\/span>\n\t\t\t\t\t<\/span>\n\t\t\t\t\t<\/a>\n\t\t\t\t<\/div>\n\t\t\t\t\t\t\t\t<\/div>\n\t\t\t\t<\/div>\n\t\t\t\t<\/div>\n\t\t\t\t\t<\/div>\n\t\t\t\t<\/div>\n\t\t\t\t<\/div>\n\t\t","protected":false},"excerpt":{"rendered":"<p>ASAUTOMATIK Conectando Innovaci\u00f3n y Eficiencia Soluciones innovadoras para automatizar procesos industriales Explora nuestra gama de servicios dise\u00f1ados para maximizar la eficiencia y garantizar tu satisfacci\u00f3n Automatizaci\u00f3n Avanzada Contamos con sistemas de manipulaci\u00f3n de componentes e implementamos sistemas rob\u00f3ticos para mejorar la precisi\u00f3n y el rendimiento Dise\u00f1o de Maquinaria Creamos equipos adaptados a tus procesos para [&hellip;]<\/p>\n","protected":false},"author":1,"featured_media":0,"parent":0,"menu_order":0,"comment_status":"closed","ping_status":"closed","template":"","meta":{"footnotes":""},"class_list":["post-71","page","type-page","status-publish","hentry"],"aioseo_notices":[],"_links":{"self":[{"href":"https:\/\/asautomatik.com\/en\/wp-json\/wp\/v2\/pages\/71","targetHints":{"allow":["GET"]}}],"collection":[{"href":"https:\/\/asautomatik.com\/en\/wp-json\/wp\/v2\/pages"}],"about":[{"href":"https:\/\/asautomatik.com\/en\/wp-json\/wp\/v2\/types\/page"}],"author":[{"embeddable":true,"href":"https:\/\/asautomatik.com\/en\/wp-json\/wp\/v2\/users\/1"}],"replies":[{"embeddable":true,"href":"https:\/\/asautomatik.com\/en\/wp-json\/wp\/v2\/comments?post=71"}],"version-history":[{"count":138,"href":"https:\/\/asautomatik.com\/en\/wp-json\/wp\/v2\/pages\/71\/revisions"}],"predecessor-version":[{"id":1426,"href":"https:\/\/asautomatik.com\/en\/wp-json\/wp\/v2\/pages\/71\/revisions\/1426"}],"wp:attachment":[{"href":"https:\/\/asautomatik.com\/en\/wp-json\/wp\/v2\/media?parent=71"}],"curies":[{"name":"wp","href":"https:\/\/api.w.org\/{rel}","templated":true}]}}