{"id":502,"date":"2025-04-10T11:36:39","date_gmt":"2025-04-10T11:36:39","guid":{"rendered":"https:\/\/asautomatik.com\/?page_id=502"},"modified":"2026-02-15T17:45:31","modified_gmt":"2026-02-15T17:45:31","slug":"i-d-i","status":"publish","type":"page","link":"https:\/\/asautomatik.com\/en\/i-d-i\/","title":{"rendered":"R + D +I"},"content":{"rendered":"<div data-elementor-type=\"wp-page\" data-elementor-id=\"502\" class=\"elementor elementor-502\">\n\t\t\t\t<div class=\"elementor-element elementor-element-0197fa2 e-con-full e-flex e-con e-parent\" data-id=\"0197fa2\" data-element_type=\"container\" data-e-type=\"container\" data-settings=\"{&quot;background_background&quot;:&quot;classic&quot;}\">\n\t\t<div class=\"elementor-element elementor-element-a3f6d8d e-flex e-con-boxed e-con e-child\" data-id=\"a3f6d8d\" data-element_type=\"container\" data-e-type=\"container\">\n\t\t\t\t\t<div class=\"e-con-inner\">\n\t\t\t\t<div class=\"elementor-element elementor-element-7b9e45b elementor-widget elementor-widget-heading\" data-id=\"7b9e45b\" data-element_type=\"widget\" data-e-type=\"widget\" data-widget_type=\"heading.default\">\n\t\t\t\t<div class=\"elementor-widget-container\">\n\t\t\t\t\t<h2 class=\"elementor-heading-title elementor-size-default\">R + D +I<br>\n<span style=\"font-size:18px;color: #d6d6d6\">Research and development in virtualised control systems<\/span><\/h2>\t\t\t\t<\/div>\n\t\t\t\t<\/div>\n\t\t\t\t\t<\/div>\n\t\t\t\t<\/div>\n\t\t\t\t<\/div>\n\t\t<div class=\"elementor-element elementor-element-26fa128 e-flex e-con-boxed e-con e-parent\" data-id=\"26fa128\" data-element_type=\"container\" data-e-type=\"container\">\n\t\t\t\t\t<div class=\"e-con-inner\">\n\t\t\t\t<div class=\"elementor-element elementor-element-4b4c28e elementor-widget elementor-widget-spacer\" data-id=\"4b4c28e\" data-element_type=\"widget\" data-e-type=\"widget\" data-widget_type=\"spacer.default\">\n\t\t\t\t<div class=\"elementor-widget-container\">\n\t\t\t\t\t\t\t<div class=\"elementor-spacer\">\n\t\t\t<div class=\"elementor-spacer-inner\"><\/div>\n\t\t<\/div>\n\t\t\t\t\t\t<\/div>\n\t\t\t\t<\/div>\n\t\t\t\t\t<\/div>\n\t\t\t\t<\/div>\n\t\t<div class=\"elementor-element elementor-element-f56de7e e-flex e-con-boxed e-con e-parent\" data-id=\"f56de7e\" data-element_type=\"container\" data-e-type=\"container\">\n\t\t\t\t\t<div class=\"e-con-inner\">\n\t\t\t\t<div class=\"elementor-element elementor-element-135fdf5 elementor-widget elementor-widget-text-editor\" data-id=\"135fdf5\" data-element_type=\"widget\" data-e-type=\"widget\" data-widget_type=\"text-editor.default\">\n\t\t\t\t<div class=\"elementor-widget-container\">\n\t\t\t\t\t\t\t\t\t<h4 class=\"translation-block\">At <span style=\"color: #007eb1\"><strong>AS AUTOMATIK<\/strong><\/span>, we are committed to research and development for the implementation of virtualised control systems, specifically designed for application within industrial environments and critical infrastructure.<\/h4>\t\t\t\t\t\t\t\t<\/div>\n\t\t\t\t<\/div>\n\t\t\t\t\t<\/div>\n\t\t\t\t<\/div>\n\t\t<div class=\"elementor-element elementor-element-d88cd7e e-flex e-con-boxed e-con e-parent\" data-id=\"d88cd7e\" data-element_type=\"container\" data-e-type=\"container\">\n\t\t\t\t\t<div class=\"e-con-inner\">\n\t\t\t\t<div class=\"elementor-element elementor-element-c2395c4 elementor-widget elementor-widget-spacer\" data-id=\"c2395c4\" data-element_type=\"widget\" data-e-type=\"widget\" data-widget_type=\"spacer.default\">\n\t\t\t\t<div class=\"elementor-widget-container\">\n\t\t\t\t\t\t\t<div class=\"elementor-spacer\">\n\t\t\t<div class=\"elementor-spacer-inner\"><\/div>\n\t\t<\/div>\n\t\t\t\t\t\t<\/div>\n\t\t\t\t<\/div>\n\t\t\t\t\t<\/div>\n\t\t\t\t<\/div>\n\t\t<div class=\"elementor-element elementor-element-2952084 e-flex e-con-boxed e-con e-parent\" data-id=\"2952084\" data-element_type=\"container\" data-e-type=\"container\" data-settings=\"{&quot;background_background&quot;:&quot;video&quot;,&quot;background_video_link&quot;:&quot;https:\\\/\\\/asautomatik.com\\\/wp-content\\\/uploads\\\/2025\\\/04\\\/videoblocks-20210813_story01_sxrpracus_720__D-1.mp4&quot;}\">\n\t\t\t\t\t<div class=\"e-con-inner\">\n\t\t<div class=\"elementor-background-video-container elementor-hidden-mobile\">\n\t\t\t\t\t\t\t<video class=\"elementor-background-video-hosted\" role=\"presentation\" autoplay muted playsinline loop><\/video>\n\t\t\t\t\t<\/div><div class=\"elementor-element elementor-element-8af2a4d e-con-full e-flex e-con e-child\" data-id=\"8af2a4d\" data-element_type=\"container\" data-e-type=\"container\">\n\t\t\t\t<div class=\"elementor-element elementor-element-bf453c3 elementor-widget elementor-widget-text-editor\" data-id=\"bf453c3\" data-element_type=\"widget\" data-e-type=\"widget\" data-widget_type=\"text-editor.default\">\n\t\t\t\t<div class=\"elementor-widget-container\">\n\t\t\t\t\t\t\t\t\t<h2 class=\"western\" style=\"text-align: left;\"><span style=\"color: #000000;\"><strong>A qualitative leap in efficiency, security and scalability<\/strong><\/span><\/h2><p class=\"translation-block\" data-start=\"477\" data-end=\"555\">Among the <strong data-start=\"487\" data-end=\"517\">most significant improvements<\/strong> that this innovation provides, these stand out:<\/p><ul data-start=\"557\" data-end=\"1160\"><li class=\"\" data-start=\"557\" data-end=\"758\"><p class=\"translation-block\" data-start=\"559\" data-end=\"758\"><strong data-start=\"559\" data-end=\"583\">IT\/OT Convergence<\/strong>: seamless integration between Information Technology (IT) and Operational Technology (OT), fostering interoperability and smarter process management.<\/p><\/li><li class=\"\" data-start=\"759\" data-end=\"967\"><p class=\"translation-block\" data-start=\"761\" data-end=\"967\"><strong data-start=\"761\" data-end=\"796\">High NIS2 security standard<\/strong>: compliance with the most stringent cybersecurity requirements at a European level, ensuring the protection of data and systems against increasingly complex threats.<\/p><\/li><li class=\"\" data-start=\"968\" data-end=\"1160\"><p class=\"translation-block\" data-start=\"970\" data-end=\"1160\"><strong data-start=\"970\" data-end=\"1003\">High-capacity redundancy<\/strong>: solutions designed to maintain continuous operation, even in failure situations, minimising the risk of downtime in critical environments.<\/p><\/li><\/ul>\t\t\t\t\t\t\t\t<\/div>\n\t\t\t\t<\/div>\n\t\t\t\t<\/div>\n\t\t<div class=\"elementor-element elementor-element-ceac87f e-con-full e-flex e-con e-child\" data-id=\"ceac87f\" data-element_type=\"container\" data-e-type=\"container\" data-settings=\"{&quot;background_background&quot;:&quot;video&quot;}\">\n\t\t\t\t<div class=\"elementor-element elementor-element-a400ce0 elementor-widget elementor-widget-spacer\" data-id=\"a400ce0\" data-element_type=\"widget\" data-e-type=\"widget\" data-widget_type=\"spacer.default\">\n\t\t\t\t<div class=\"elementor-widget-container\">\n\t\t\t\t\t\t\t<div class=\"elementor-spacer\">\n\t\t\t<div class=\"elementor-spacer-inner\"><\/div>\n\t\t<\/div>\n\t\t\t\t\t\t<\/div>\n\t\t\t\t<\/div>\n\t\t\t\t<\/div>\n\t\t\t\t\t<\/div>\n\t\t\t\t<\/div>\n\t\t<div class=\"elementor-element elementor-element-7e5f37c e-flex e-con-boxed e-con e-parent\" data-id=\"7e5f37c\" data-element_type=\"container\" data-e-type=\"container\">\n\t\t\t\t\t<div class=\"e-con-inner\">\n\t\t<div class=\"elementor-element elementor-element-553cc6e e-con-full e-flex e-con e-child\" data-id=\"553cc6e\" data-element_type=\"container\" data-e-type=\"container\">\n\t\t\t\t<\/div>\n\t\t<div class=\"elementor-element elementor-element-1b45178 e-con-full e-flex e-con e-child\" data-id=\"1b45178\" data-element_type=\"container\" data-e-type=\"container\">\n\t\t\t\t<div class=\"elementor-element elementor-element-fc7b390 elementor-widget-divider--view-line_icon elementor-view-default elementor-widget-divider--element-align-center elementor-widget elementor-widget-divider\" data-id=\"fc7b390\" data-element_type=\"widget\" data-e-type=\"widget\" data-widget_type=\"divider.default\">\n\t\t\t\t<div class=\"elementor-widget-container\">\n\t\t\t\t\t\t\t<div class=\"elementor-divider\">\n\t\t\t<span class=\"elementor-divider-separator\">\n\t\t\t\t\t\t\t<div class=\"elementor-icon elementor-divider__element\">\n\t\t\t\t\t<svg aria-hidden=\"true\" class=\"e-font-icon-svg e-fas-asterisk\" viewbox=\"0 0 512 512\" xmlns=\"http:\/\/www.w3.org\/2000\/svg\"><path d=\"M478.21 334.093L336 256l142.21-78.093c11.795-6.477 15.961-21.384 9.232-33.037l-19.48-33.741c-6.728-11.653-21.72-15.499-33.227-8.523L296 186.718l3.475-162.204C299.763 11.061 288.937 0 275.48 0h-38.96c-13.456 0-24.283 11.061-23.994 24.514L216 186.718 77.265 102.607c-11.506-6.976-26.499-3.13-33.227 8.523l-19.48 33.741c-6.728 11.653-2.562 26.56 9.233 33.037L176 256 33.79 334.093c-11.795 6.477-15.961 21.384-9.232 33.037l19.48 33.741c6.728 11.653 21.721 15.499 33.227 8.523L216 325.282l-3.475 162.204C212.237 500.939 223.064 512 236.52 512h38.961c13.456 0 24.283-11.061 23.995-24.514L296 325.282l138.735 84.111c11.506 6.976 26.499 3.13 33.227-8.523l19.48-33.741c6.728-11.653 2.563-26.559-9.232-33.036z\"><\/path><\/svg><\/div>\n\t\t\t\t\t\t<\/span>\n\t\t<\/div>\n\t\t\t\t\t\t<\/div>\n\t\t\t\t<\/div>\n\t\t\t\t<div class=\"elementor-element elementor-element-8607e03 elementor-widget elementor-widget-text-editor\" data-id=\"8607e03\" data-element_type=\"widget\" data-e-type=\"widget\" data-widget_type=\"text-editor.default\">\n\t\t\t\t<div class=\"elementor-widget-container\">\n\t\t\t\t\t\t\t\t\t<h3 class=\"western\"><span style=\"color: #000000;\"><strong>Entrust your assembly to experts<\/strong><\/span><\/h3><p class=\"translation-block\">At <strong>AS AUTOMATIK<\/strong>, we combine design, manufacturing and assembly in one place to offer you <strong>complete, reliable and ready-to-use solutions<\/strong>.<br> \n<strong>We build quality. We assemble trust<\/strong><\/p>\t\t\t\t\t\t\t\t<\/div>\n\t\t\t\t<\/div>\n\t\t\t\t<\/div>\n\t\t\t\t\t<\/div>\n\t\t\t\t<\/div>\n\t\t\t\t<\/div>","protected":false},"excerpt":{"rendered":"<p>I + D +I Investigaci\u00f3n y desarrollo en sistemas de control virtualizados En AS AUTOMATIK, apostamos por la investigaci\u00f3n y desarrollo para la implementaci\u00f3n de sistemas de control virtualizados, especialmente dise\u00f1ados para su aplicaci\u00f3n en entornos industriales e infraestructuras cr\u00edticas. Salto cualitativo en eficiencia, seguridad y escalabilidad Entre las mejoras m\u00e1s significativas que aporta esta [&hellip;]<\/p>\n","protected":false},"author":1,"featured_media":0,"parent":0,"menu_order":0,"comment_status":"closed","ping_status":"closed","template":"","meta":{"footnotes":""},"class_list":["post-502","page","type-page","status-publish","hentry"],"aioseo_notices":[],"_links":{"self":[{"href":"https:\/\/asautomatik.com\/en\/wp-json\/wp\/v2\/pages\/502","targetHints":{"allow":["GET"]}}],"collection":[{"href":"https:\/\/asautomatik.com\/en\/wp-json\/wp\/v2\/pages"}],"about":[{"href":"https:\/\/asautomatik.com\/en\/wp-json\/wp\/v2\/types\/page"}],"author":[{"embeddable":true,"href":"https:\/\/asautomatik.com\/en\/wp-json\/wp\/v2\/users\/1"}],"replies":[{"embeddable":true,"href":"https:\/\/asautomatik.com\/en\/wp-json\/wp\/v2\/comments?post=502"}],"version-history":[{"count":31,"href":"https:\/\/asautomatik.com\/en\/wp-json\/wp\/v2\/pages\/502\/revisions"}],"predecessor-version":[{"id":1411,"href":"https:\/\/asautomatik.com\/en\/wp-json\/wp\/v2\/pages\/502\/revisions\/1411"}],"wp:attachment":[{"href":"https:\/\/asautomatik.com\/en\/wp-json\/wp\/v2\/media?parent=502"}],"curies":[{"name":"wp","href":"https:\/\/api.w.org\/{rel}","templated":true}]}}