{"id":244,"date":"2025-04-08T11:17:07","date_gmt":"2025-04-08T11:17:07","guid":{"rendered":"https:\/\/asautomatik.com\/?page_id=244"},"modified":"2026-02-15T17:53:17","modified_gmt":"2026-02-15T17:53:17","slug":"soluciones-llave-en-mano","status":"publish","type":"page","link":"https:\/\/asautomatik.com\/en\/soluciones-llave-en-mano\/","title":{"rendered":"Turnkey solutions"},"content":{"rendered":"<div data-elementor-type=\"wp-page\" data-elementor-id=\"244\" class=\"elementor elementor-244\">\n\t\t\t\t<div class=\"elementor-element elementor-element-fc0c5ad e-con-full e-flex e-con e-parent\" data-id=\"fc0c5ad\" data-element_type=\"container\" data-e-type=\"container\" data-settings=\"{&quot;background_background&quot;:&quot;classic&quot;}\">\n\t\t<div class=\"elementor-element elementor-element-79313f5 e-flex e-con-boxed e-con e-child\" data-id=\"79313f5\" data-element_type=\"container\" data-e-type=\"container\">\n\t\t\t\t\t<div class=\"e-con-inner\">\n\t\t\t\t<div class=\"elementor-element elementor-element-ec50014 elementor-widget elementor-widget-heading\" data-id=\"ec50014\" data-element_type=\"widget\" data-e-type=\"widget\" data-widget_type=\"heading.default\">\n\t\t\t\t<div class=\"elementor-widget-container\">\n\t\t\t\t\t<h2 class=\"elementor-heading-title elementor-size-default translation-block\">Turnkey solutions<br>\n<span style=\"font-size:18px;color:#d6d6d6\">We offer complete and customised solutions, ready for immediate implementation.<\/span><\/h2>\t\t\t\t<\/div>\n\t\t\t\t<\/div>\n\t\t\t\t\t<\/div>\n\t\t\t\t<\/div>\n\t\t\t\t<\/div>\n\t\t<div class=\"elementor-element elementor-element-860362f e-flex e-con-boxed e-con e-parent\" data-id=\"860362f\" data-element_type=\"container\" data-e-type=\"container\">\n\t\t\t\t\t<div class=\"e-con-inner\">\n\t\t\t\t<div class=\"elementor-element elementor-element-f0f299a elementor-widget elementor-widget-spacer\" data-id=\"f0f299a\" data-element_type=\"widget\" data-e-type=\"widget\" data-widget_type=\"spacer.default\">\n\t\t\t\t<div class=\"elementor-widget-container\">\n\t\t\t\t\t\t\t<div class=\"elementor-spacer\">\n\t\t\t<div class=\"elementor-spacer-inner\"><\/div>\n\t\t<\/div>\n\t\t\t\t\t\t<\/div>\n\t\t\t\t<\/div>\n\t\t\t\t\t<\/div>\n\t\t\t\t<\/div>\n\t\t<div class=\"elementor-element elementor-element-37a5e17 e-flex e-con-boxed e-con e-parent\" data-id=\"37a5e17\" data-element_type=\"container\" data-e-type=\"container\">\n\t\t\t\t\t<div class=\"e-con-inner\">\n\t\t\t\t<div class=\"elementor-element elementor-element-021930e elementor-widget elementor-widget-text-editor\" data-id=\"021930e\" data-element_type=\"widget\" data-e-type=\"widget\" data-widget_type=\"text-editor.default\">\n\t\t\t\t<div class=\"elementor-widget-container\">\n\t\t\t\t\t\t\t\t\t<h5 class=\"translation-block\">At <span style=\"color: #007eb1\"><strong>AS AUTOMATIK<\/strong><\/span>,  we provide turnkey solutions designed to comprehensively meet all our clients' requirements, from design and manufacture to installation and maintenance. We manage the entire process, allowing you to focus solely on the results.<\/h5>\t\t\t\t\t\t\t\t<\/div>\n\t\t\t\t<\/div>\n\t\t\t\t\t<\/div>\n\t\t\t\t<\/div>\n\t\t<div class=\"elementor-element elementor-element-2a8e57c e-flex e-con-boxed e-con e-parent\" data-id=\"2a8e57c\" data-element_type=\"container\" data-e-type=\"container\">\n\t\t\t\t\t<div class=\"e-con-inner\">\n\t\t\t\t<div class=\"elementor-element elementor-element-f4798fe elementor-widget elementor-widget-spacer\" data-id=\"f4798fe\" data-element_type=\"widget\" data-e-type=\"widget\" data-widget_type=\"spacer.default\">\n\t\t\t\t<div class=\"elementor-widget-container\">\n\t\t\t\t\t\t\t<div class=\"elementor-spacer\">\n\t\t\t<div class=\"elementor-spacer-inner\"><\/div>\n\t\t<\/div>\n\t\t\t\t\t\t<\/div>\n\t\t\t\t<\/div>\n\t\t\t\t\t<\/div>\n\t\t\t\t<\/div>\n\t\t<div class=\"elementor-element elementor-element-d1d5e08 e-flex e-con-boxed e-con e-parent\" data-id=\"d1d5e08\" data-element_type=\"container\" data-e-type=\"container\">\n\t\t\t\t\t<div class=\"e-con-inner\">\n\t\t\t\t<div class=\"elementor-element elementor-element-30d464b elementor-widget elementor-widget-text-editor\" data-id=\"30d464b\" data-element_type=\"widget\" data-e-type=\"widget\" data-widget_type=\"text-editor.default\">\n\t\t\t\t<div class=\"elementor-widget-container\">\n\t\t\t\t\t\t\t\t\t<h2 class=\"western\"><span style=\"color: #000000;\">What does a turnkey solution mean?<\/span><\/h2><p class=\"translation-block\">A turnkey solution is a complete and autonomous project that <strong>delivers a final product ready to operate<\/strong> without the need for additional intervention. We take care of every phase of the process:<\/p><ol><li><p class=\"translation-block\"><strong>Study and analysis<\/strong>: We gain a thorough understanding of your needs and technical requirements.<\/p><\/li><li><p class=\"translation-block\"><strong>Design and planning<\/strong>: We develop bespoke solutions, tailored to your objectives.<\/p><\/li><li><p class=\"translation-block\"><strong>Manufacture and assembly<\/strong>: We manufacture the necessary components and assemble them according to specifications.<\/p><\/li><li><p class=\"translation-block\"><strong>Installation and commissioning<\/strong>: We manage the installation and configuration of the entire system.<\/p><\/li><li><p class=\"translation-block\"><strong>Maintenance and support<\/strong>: We provide preventive and corrective maintenance services to ensure optimal performance.<\/p><\/li><\/ol>\t\t\t\t\t\t\t\t<\/div>\n\t\t\t\t<\/div>\n\t\t\t\t\t<\/div>\n\t\t\t\t<\/div>\n\t\t<div class=\"elementor-element elementor-element-36c8476 e-flex e-con-boxed e-con e-parent\" data-id=\"36c8476\" data-element_type=\"container\" data-e-type=\"container\">\n\t\t\t\t\t<div class=\"e-con-inner\">\n\t\t<div class=\"elementor-element elementor-element-c59fcec e-con-full e-flex e-con e-child\" data-id=\"c59fcec\" data-element_type=\"container\" data-e-type=\"container\">\n\t\t\t\t<div class=\"elementor-element elementor-element-8073d4b elementor-widget elementor-widget-image\" data-id=\"8073d4b\" data-element_type=\"widget\" data-e-type=\"widget\" data-widget_type=\"image.default\">\n\t\t\t\t<div class=\"elementor-widget-container\">\n\t\t\t\t\t\t\t\t\t\t\t\t\t\t\t<img fetchpriority=\"high\" decoding=\"async\" width=\"800\" height=\"640\" src=\"https:\/\/asautomatik.com\/wp-content\/uploads\/2025\/04\/esquema-trabajo-ok.png\" class=\"attachment-large size-large wp-image-479\" alt=\"\" srcset=\"https:\/\/asautomatik.com\/wp-content\/uploads\/2025\/04\/esquema-trabajo-ok.png 1000w, https:\/\/asautomatik.com\/wp-content\/uploads\/2025\/04\/esquema-trabajo-ok-300x240.png 300w, https:\/\/asautomatik.com\/wp-content\/uploads\/2025\/04\/esquema-trabajo-ok-768x614.png 768w, https:\/\/asautomatik.com\/wp-content\/uploads\/2025\/04\/esquema-trabajo-ok-15x12.png 15w\" sizes=\"(max-width: 800px) 100vw, 800px\" \/>\t\t\t\t\t\t\t\t\t\t\t\t\t\t\t<\/div>\n\t\t\t\t<\/div>\n\t\t\t\t<\/div>\n\t\t<div class=\"elementor-element elementor-element-46e510c e-con-full e-flex e-con e-child\" data-id=\"46e510c\" data-element_type=\"container\" data-e-type=\"container\">\n\t\t\t\t<div class=\"elementor-element elementor-element-b8b8e94 elementor-widget elementor-widget-text-editor\" data-id=\"b8b8e94\" data-element_type=\"widget\" data-e-type=\"widget\" data-widget_type=\"text-editor.default\">\n\t\t\t\t<div class=\"elementor-widget-container\">\n\t\t\t\t\t\t\t\t\t<h2 class=\"western\"><span style=\"color: #000000;\">Key services in our turnkey solutions<\/span><\/h2><p>We offer complete solutions in various areas:<\/p><ul><li><p><strong>Industrial process automation<\/strong><\/p><\/li><li><p><strong>Design and manufacture of specialised machinery<\/strong><\/p><\/li><li><p><strong>Remote control and monitoring systems<\/strong><\/p><\/li><li><p><strong>Installation of shot blasting and surface treatment systems..<\/strong><\/p><\/li><li><p><strong>Design of automated mounting and assembly systems<\/strong><\/p><\/li><li><p><strong>Process improvement and optimisation projects<\/strong><\/p><\/li><\/ul>\t\t\t\t\t\t\t\t<\/div>\n\t\t\t\t<\/div>\n\t\t\t\t<\/div>\n\t\t\t\t\t<\/div>\n\t\t\t\t<\/div>\n\t\t<div class=\"elementor-element elementor-element-d069409 e-flex e-con-boxed e-con e-parent\" data-id=\"d069409\" data-element_type=\"container\" data-e-type=\"container\">\n\t\t\t\t\t<div class=\"e-con-inner\">\n\t\t\t\t<div class=\"elementor-element elementor-element-bcd33c9 elementor-widget elementor-widget-spacer\" data-id=\"bcd33c9\" data-element_type=\"widget\" data-e-type=\"widget\" data-widget_type=\"spacer.default\">\n\t\t\t\t<div class=\"elementor-widget-container\">\n\t\t\t\t\t\t\t<div class=\"elementor-spacer\">\n\t\t\t<div class=\"elementor-spacer-inner\"><\/div>\n\t\t<\/div>\n\t\t\t\t\t\t<\/div>\n\t\t\t\t<\/div>\n\t\t\t\t\t<\/div>\n\t\t\t\t<\/div>\n\t\t<div class=\"elementor-element elementor-element-65ab4f1 e-flex e-con-boxed e-con e-parent\" data-id=\"65ab4f1\" data-element_type=\"container\" data-e-type=\"container\">\n\t\t\t\t\t<div class=\"e-con-inner\">\n\t\t<div class=\"elementor-element elementor-element-6933dc8 e-con-full e-flex e-con e-child\" data-id=\"6933dc8\" data-element_type=\"container\" data-e-type=\"container\">\n\t\t\t\t<div class=\"elementor-element elementor-element-7a781bf elementor-widget elementor-widget-text-editor\" data-id=\"7a781bf\" data-element_type=\"widget\" data-e-type=\"widget\" data-widget_type=\"text-editor.default\">\n\t\t\t\t<div class=\"elementor-widget-container\">\n\t\t\t\t\t\t\t\t\t<h2 class=\"western\"><span style=\"color: #000000;\">Benefits of a turnkey solution<br><\/span><\/h2><p class=\"translation-block\">By choosing a turnkey solution with <strong>AS AUTOMATIK<\/strong>, you enjoy multiple advantages:<\/p><ul><li><p class=\"translation-block\"><strong>Shorter implementation<\/strong> times: We handle everything, saving you time and resources.<\/p><\/li><li><p><strong><strong>Efficiency and resource optimisation<\/strong>: We coordinate all aspects of the project to ensure smooth execution without surprises.<\/strong>: Coordinamos todos los aspectos del proyecto para asegurar una ejecuci\u00f3n fluida y sin sorpresas.<\/p><\/li><li><p class=\"translation-block\"><strong>Guaranteed quality<\/strong>: We control every phase of the project to the highest quality standards.<\/p><\/li><li><p class=\"translation-block\"><strong>Risk reduction<\/strong>: By working with a single provider for the entire process, you minimise risks associated with coordinating different contractors.<\/p><\/li><li><p class=\"translation-block\"><strong>Cost savings<\/strong>: We leverage our experience and resources to optimise the final project cost.<\/p><\/li><\/ul>\t\t\t\t\t\t\t\t<\/div>\n\t\t\t\t<\/div>\n\t\t\t\t<\/div>\n\t\t<div class=\"elementor-element elementor-element-50a5685 e-con-full e-flex e-con e-child\" data-id=\"50a5685\" data-element_type=\"container\" data-e-type=\"container\">\n\t\t\t\t<div class=\"elementor-element elementor-element-727e74a elementor-widget elementor-widget-image\" data-id=\"727e74a\" data-element_type=\"widget\" data-e-type=\"widget\" data-widget_type=\"image.default\">\n\t\t\t\t<div class=\"elementor-widget-container\">\n\t\t\t\t\t\t\t\t\t\t\t\t\t\t\t<img decoding=\"async\" width=\"800\" height=\"387\" src=\"https:\/\/asautomatik.com\/wp-content\/uploads\/2025\/04\/Sin-titsadasdulo-1024x495.png\" class=\"attachment-large size-large wp-image-481\" alt=\"\" srcset=\"https:\/\/asautomatik.com\/wp-content\/uploads\/2025\/04\/Sin-titsadasdulo-1024x495.png 1024w, https:\/\/asautomatik.com\/wp-content\/uploads\/2025\/04\/Sin-titsadasdulo-300x145.png 300w, https:\/\/asautomatik.com\/wp-content\/uploads\/2025\/04\/Sin-titsadasdulo-768x371.png 768w, https:\/\/asautomatik.com\/wp-content\/uploads\/2025\/04\/Sin-titsadasdulo-1536x742.png 1536w, https:\/\/asautomatik.com\/wp-content\/uploads\/2025\/04\/Sin-titsadasdulo-18x9.png 18w, https:\/\/asautomatik.com\/wp-content\/uploads\/2025\/04\/Sin-titsadasdulo.png 1600w\" sizes=\"(max-width: 800px) 100vw, 800px\" \/>\t\t\t\t\t\t\t\t\t\t\t\t\t\t\t<\/div>\n\t\t\t\t<\/div>\n\t\t\t\t<div class=\"elementor-element elementor-element-5fce55b elementor-widget elementor-widget-spacer\" data-id=\"5fce55b\" data-element_type=\"widget\" data-e-type=\"widget\" data-widget_type=\"spacer.default\">\n\t\t\t\t<div class=\"elementor-widget-container\">\n\t\t\t\t\t\t\t<div class=\"elementor-spacer\">\n\t\t\t<div class=\"elementor-spacer-inner\"><\/div>\n\t\t<\/div>\n\t\t\t\t\t\t<\/div>\n\t\t\t\t<\/div>\n\t\t\t\t<div class=\"elementor-element elementor-element-7a970ac elementor-widget elementor-widget-text-editor\" data-id=\"7a970ac\" data-element_type=\"widget\" data-e-type=\"widget\" data-widget_type=\"text-editor.default\">\n\t\t\t\t<div class=\"elementor-widget-container\">\n\t\t\t\t\t\t\t\t\t<h2 class=\"western\"><span style=\"color: #000000;\">Bespoke and scalable projects<\/span><\/h2><p class=\"translation-block\">Every project is unique, which is why our solutions are <strong>fully bespoke<\/strong>. Whether you need a minor improvement to your production line or a complete automation system, we can offer a flexible, scalable solution tailored to your needs.<\/p>\t\t\t\t\t\t\t\t<\/div>\n\t\t\t\t<\/div>\n\t\t\t\t<\/div>\n\t\t\t\t\t<\/div>\n\t\t\t\t<\/div>\n\t\t<div class=\"elementor-element elementor-element-398591f e-flex e-con-boxed e-con e-parent\" data-id=\"398591f\" data-element_type=\"container\" data-e-type=\"container\">\n\t\t\t\t\t<div class=\"e-con-inner\">\n\t\t\t\t<div class=\"elementor-element elementor-element-3e97ded elementor-widget-divider--view-line_icon elementor-view-default elementor-widget-divider--element-align-center elementor-widget elementor-widget-divider\" data-id=\"3e97ded\" data-element_type=\"widget\" data-e-type=\"widget\" data-widget_type=\"divider.default\">\n\t\t\t\t<div class=\"elementor-widget-container\">\n\t\t\t\t\t\t\t<div class=\"elementor-divider\">\n\t\t\t<span class=\"elementor-divider-separator\">\n\t\t\t\t\t\t\t<div class=\"elementor-icon elementor-divider__element\">\n\t\t\t\t\t<svg aria-hidden=\"true\" class=\"e-font-icon-svg e-fas-unlock\" viewbox=\"0 0 448 512\" xmlns=\"http:\/\/www.w3.org\/2000\/svg\"><path d=\"M400 256H152V152.9c0-39.6 31.7-72.5 71.3-72.9 40-.4 72.7 32.1 72.7 72v16c0 13.3 10.7 24 24 24h32c13.3 0 24-10.7 24-24v-16C376 68 307.5-.3 223.5 0 139.5.3 72 69.5 72 153.5V256H48c-26.5 0-48 21.5-48 48v160c0 26.5 21.5 48 48 48h352c26.5 0 48-21.5 48-48V304c0-26.5-21.5-48-48-48z\"><\/path><\/svg><\/div>\n\t\t\t\t\t\t<\/span>\n\t\t<\/div>\n\t\t\t\t\t\t<\/div>\n\t\t\t\t<\/div>\n\t\t\t\t\t<\/div>\n\t\t\t\t<\/div>\n\t\t<div class=\"elementor-element elementor-element-902b217 e-flex e-con-boxed e-con e-parent\" data-id=\"902b217\" data-element_type=\"container\" data-e-type=\"container\">\n\t\t\t\t\t<div class=\"e-con-inner\">\n\t\t\t\t<div class=\"elementor-element elementor-element-5559454 elementor-widget elementor-widget-text-editor\" data-id=\"5559454\" data-element_type=\"widget\" data-e-type=\"widget\" data-widget_type=\"text-editor.default\">\n\t\t\t\t<div class=\"elementor-widget-container\">\n\t\t\t\t\t\t\t\t\t<h3 class=\"western\"><span style=\"color: #000000;\">Are you ready for a comprehensive solution?<\/span><\/h3><p class=\"translation-block\">At <strong>AS AUTOMATIK<\/strong>, we provide everything you need in a single package. <strong>Complete solutions, ready to implement and backed by our team of experts.<\/strong><\/p>\t\t\t\t\t\t\t\t<\/div>\n\t\t\t\t<\/div>\n\t\t\t\t\t<\/div>\n\t\t\t\t<\/div>\n\t\t\t\t<\/div>","protected":false},"excerpt":{"rendered":"<p>Soluciones llave en mano Ofrecemos soluciones completas y personalizadas, listas para su implementaci\u00f3n inmediata. En AS AUTOMATIK, ofrecemos soluciones llave en mano dise\u00f1adas para cubrir todas las necesidades de nuestros clientes de manera integral, desde el dise\u00f1o y la fabricaci\u00f3n hasta la instalaci\u00f3n y el mantenimiento. Nos encargamos de todo el proceso, para que t\u00fa [&hellip;]<\/p>\n","protected":false},"author":1,"featured_media":0,"parent":0,"menu_order":0,"comment_status":"closed","ping_status":"closed","template":"","meta":{"footnotes":""},"class_list":["post-244","page","type-page","status-publish","hentry"],"aioseo_notices":[],"_links":{"self":[{"href":"https:\/\/asautomatik.com\/en\/wp-json\/wp\/v2\/pages\/244","targetHints":{"allow":["GET"]}}],"collection":[{"href":"https:\/\/asautomatik.com\/en\/wp-json\/wp\/v2\/pages"}],"about":[{"href":"https:\/\/asautomatik.com\/en\/wp-json\/wp\/v2\/types\/page"}],"author":[{"embeddable":true,"href":"https:\/\/asautomatik.com\/en\/wp-json\/wp\/v2\/users\/1"}],"replies":[{"embeddable":true,"href":"https:\/\/asautomatik.com\/en\/wp-json\/wp\/v2\/comments?post=244"}],"version-history":[{"count":19,"href":"https:\/\/asautomatik.com\/en\/wp-json\/wp\/v2\/pages\/244\/revisions"}],"predecessor-version":[{"id":1420,"href":"https:\/\/asautomatik.com\/en\/wp-json\/wp\/v2\/pages\/244\/revisions\/1420"}],"wp:attachment":[{"href":"https:\/\/asautomatik.com\/en\/wp-json\/wp\/v2\/media?parent=244"}],"curies":[{"name":"wp","href":"https:\/\/api.w.org\/{rel}","templated":true}]}}