{"id":157,"date":"2025-04-08T08:37:59","date_gmt":"2025-04-08T08:37:59","guid":{"rendered":"https:\/\/asautomatik.com\/?page_id=157"},"modified":"2025-04-08T11:36:59","modified_gmt":"2025-04-08T11:36:59","slug":"accesibilidad","status":"publish","type":"page","link":"https:\/\/asautomatik.com\/en\/accesibilidad\/","title":{"rendered":"Accessibility"},"content":{"rendered":"<div data-elementor-type=\"wp-page\" data-elementor-id=\"157\" class=\"elementor elementor-157\">\n\t\t\t\t<div class=\"elementor-element elementor-element-d80da93 e-flex e-con-boxed e-con e-parent\" data-id=\"d80da93\" data-element_type=\"container\" data-e-type=\"container\">\n\t\t\t\t\t<div class=\"e-con-inner\">\n\t\t\t\t<div class=\"elementor-element elementor-element-b9b893d elementor-widget elementor-widget-text-editor\" data-id=\"b9b893d\" data-element_type=\"widget\" data-e-type=\"widget\" data-widget_type=\"text-editor.default\">\n\t\t\t\t<div class=\"elementor-widget-container\">\n\t\t\t\t\t\t\t\t\t<p class=\"\" data-start=\"184\" data-end=\"493\"><strong data-start=\"184\" data-end=\"200\">AS AUTOMATIK<\/strong> se compromete a asegurar que su sitio web sea accesible a todos los usuarios, incluyendo a aquellos con discapacidades. Conscientes de la importancia de ofrecer una experiencia web inclusiva y sin barreras, trabajamos de forma continua para cumplir con las mejores pr\u00e1cticas de accesibilidad.<\/p><h2 class=\"\" data-start=\"495\" data-end=\"506\">Objetivo<\/h2><p class=\"\" data-start=\"508\" data-end=\"884\">El objetivo de <strong data-start=\"523\" data-end=\"539\">AS AUTOMATIK<\/strong> es garantizar que su sitio web cumpla con las <strong data-start=\"586\" data-end=\"651\">Directrices de Accesibilidad para el Contenido Web (WCAG 2.1)<\/strong>, de acuerdo con los est\u00e1ndares internacionales de accesibilidad web. Nuestro objetivo es proporcionar una experiencia de usuario clara y accesible para todas las personas, independientemente de sus habilidades o tecnolog\u00eda asistiva.<\/p><h2 class=\"\" data-start=\"886\" data-end=\"912\">Normativas y est\u00e1ndares<\/h2><p class=\"\" data-start=\"914\" data-end=\"985\"><strong data-start=\"914\" data-end=\"930\">AS AUTOMATIK<\/strong> se compromete a cumplir con los siguientes est\u00e1ndares:<\/p><ol data-start=\"987\" data-end=\"1398\"><li class=\"\" data-start=\"987\" data-end=\"1183\"><p class=\"\" data-start=\"990\" data-end=\"1183\"><strong data-start=\"990\" data-end=\"1002\">WCAG 2.1<\/strong>: Las Directrices de Accesibilidad para el Contenido Web (WCAG) 2.1, que son la normativa m\u00e1s reconocida a nivel internacional, son la base para nuestra estrategia de accesibilidad.<\/p><\/li><li class=\"\" data-start=\"1184\" data-end=\"1398\"><p class=\"\" data-start=\"1187\" data-end=\"1398\"><strong data-start=\"1187\" data-end=\"1247\">Ley General de Derechos de las Personas con Discapacidad<\/strong>: Nos adherimos a la legislaci\u00f3n local e internacional relacionada con la accesibilidad, asegurando que nuestros servicios y productos sean inclusivos.<\/p><\/li><\/ol><h2 class=\"\" data-start=\"1400\" data-end=\"1449\">Caracter\u00edsticas de accesibilidad del sitio web<\/h2><p class=\"\" data-start=\"1451\" data-end=\"1590\">El sitio web de <strong data-start=\"1467\" data-end=\"1483\">AS AUTOMATIK<\/strong> ha sido dise\u00f1ado para cumplir con las normas de accesibilidad y cuenta con las siguientes caracter\u00edsticas:<\/p><ul data-start=\"1592\" data-end=\"2731\"><li class=\"\" data-start=\"1592\" data-end=\"1791\"><p class=\"\" data-start=\"1594\" data-end=\"1791\"><strong data-start=\"1594\" data-end=\"1638\">Compatibilidad con tecnolog\u00edas asistivas<\/strong>: Nuestra web est\u00e1 dise\u00f1ada para ser compatible con herramientas de asistencia como lectores de pantalla, lupas de pantalla, teclados alternativos y m\u00e1s.<\/p><\/li><li class=\"\" data-start=\"1792\" data-end=\"2015\"><p class=\"\" data-start=\"1794\" data-end=\"2015\"><strong data-start=\"1794\" data-end=\"1829\">Texto alternativo para im\u00e1genes<\/strong>: Todas las im\u00e1genes en el sitio web est\u00e1n acompa\u00f1adas de descripciones alternativas (atributos \u00abalt\u00bb) que permiten a los usuarios con discapacidad visual comprender el contenido visual.<\/p><\/li><li class=\"\" data-start=\"2016\" data-end=\"2231\"><p class=\"\" data-start=\"2018\" data-end=\"2231\"><strong data-start=\"2018\" data-end=\"2040\">Contraste adecuado<\/strong>: Las combinaciones de colores del sitio web han sido seleccionadas para asegurar un contraste adecuado entre el texto y el fondo, facilitando la lectura a personas con dificultades visuales.<\/p><\/li><li class=\"\" data-start=\"2232\" data-end=\"2384\"><p class=\"\" data-start=\"2234\" data-end=\"2384\"><strong data-start=\"2234\" data-end=\"2260\">Navegaci\u00f3n por teclado<\/strong>: El sitio web permite la navegaci\u00f3n total mediante teclado, lo que facilita su uso por personas con discapacidades motoras.<\/p><\/li><li class=\"\" data-start=\"2385\" data-end=\"2598\"><p class=\"\" data-start=\"2387\" data-end=\"2598\"><strong data-start=\"2387\" data-end=\"2421\">Tama\u00f1o y legibilidad del texto<\/strong>: El tama\u00f1o de las fuentes es adecuado y permite un ajuste sencillo para mejorar la legibilidad. Adem\u00e1s, el sitio web es responsivo y se adapta a diferentes tama\u00f1os de pantalla.<\/p><\/li><li class=\"\" data-start=\"2599\" data-end=\"2731\"><p class=\"\" data-start=\"2601\" data-end=\"2731\"><strong data-start=\"2601\" data-end=\"2625\">Multimedia accesible<\/strong>: Todos los v\u00eddeos y audios incluyen subt\u00edtulos y transcripciones para personas con discapacidad auditiva.<\/p><\/li><\/ul><h2 class=\"\" data-start=\"2733\" data-end=\"2769\">Compromiso con la mejora continua<\/h2><p class=\"\" data-start=\"2771\" data-end=\"3022\">En <strong data-start=\"2774\" data-end=\"2790\">AS AUTOMATIK<\/strong> nos comprometemos a mejorar la accesibilidad de nuestra p\u00e1gina web de manera continua. Realizamos evaluaciones peri\u00f3dicas de accesibilidad para identificar \u00e1reas de mejora y garantizar que el sitio se mantenga accesible para todos.<\/p><h2 class=\"\" data-start=\"3024\" data-end=\"3069\">Notificaci\u00f3n de problemas de accesibilidad<\/h2><p class=\"\" data-start=\"3071\" data-end=\"3294\">Si tienes alguna dificultad para acceder a cualquier parte de nuestro sitio web, te invitamos a que nos lo informes. Nos comprometemos a resolver cualquier problema relacionado con la accesibilidad de forma r\u00e1pida y eficaz.<\/p><p class=\"\" data-start=\"3296\" data-end=\"3370\">Puedes ponerte en contacto con nosotros a trav\u00e9s de los siguientes medios:<\/p><ul data-start=\"3372\" data-end=\"3459\"><li class=\"\" data-start=\"3372\" data-end=\"3427\"><p class=\"\" data-start=\"3374\" data-end=\"3427\"><strong data-start=\"3374\" data-end=\"3396\">Email address<\/strong>:\u00a0<span class=\"elementor-icon-list-text\">info@asautomatik.com<\/span><\/p><\/li><li class=\"\" data-start=\"3428\" data-end=\"3459\"><p class=\"\" data-start=\"3430\" data-end=\"3459\"><strong data-start=\"3430\" data-end=\"3442\">Contact number<\/strong>: +34 <span class=\"elementor-icon-list-text\">948 59 34 54<\/span><\/p><\/li><\/ul><h2 class=\"\" data-start=\"3461\" data-end=\"3475\">Excepciones<\/h2><p class=\"\" data-start=\"3477\" data-end=\"3803\">A pesar de nuestros esfuerzos para asegurar la accesibilidad en todo el sitio web, puede haber algunas \u00e1reas que, debido a limitaciones tecnol\u00f3gicas o de otro tipo, no cumplan al 100% con las pautas de accesibilidad. Estamos trabajando activamente para resolver estas excepciones y mejorar la accesibilidad de manera continua.<\/p>\t\t\t\t\t\t\t\t<\/div>\n\t\t\t\t<\/div>\n\t\t\t\t\t<\/div>\n\t\t\t\t<\/div>\n\t\t\t\t<\/div>","protected":false},"excerpt":{"rendered":"<p>AS AUTOMATIK se compromete a asegurar que su sitio web sea accesible a todos los usuarios, incluyendo a aquellos con discapacidades. Conscientes de la importancia de ofrecer una experiencia web inclusiva y sin barreras, trabajamos de forma continua para cumplir con las mejores pr\u00e1cticas de accesibilidad. Objetivo El objetivo de AS AUTOMATIK es garantizar que [&hellip;]<\/p>\n","protected":false},"author":1,"featured_media":0,"parent":0,"menu_order":0,"comment_status":"closed","ping_status":"closed","template":"","meta":{"footnotes":""},"class_list":["post-157","page","type-page","status-publish","hentry"],"aioseo_notices":[],"_links":{"self":[{"href":"https:\/\/asautomatik.com\/en\/wp-json\/wp\/v2\/pages\/157","targetHints":{"allow":["GET"]}}],"collection":[{"href":"https:\/\/asautomatik.com\/en\/wp-json\/wp\/v2\/pages"}],"about":[{"href":"https:\/\/asautomatik.com\/en\/wp-json\/wp\/v2\/types\/page"}],"author":[{"embeddable":true,"href":"https:\/\/asautomatik.com\/en\/wp-json\/wp\/v2\/users\/1"}],"replies":[{"embeddable":true,"href":"https:\/\/asautomatik.com\/en\/wp-json\/wp\/v2\/comments?post=157"}],"version-history":[{"count":4,"href":"https:\/\/asautomatik.com\/en\/wp-json\/wp\/v2\/pages\/157\/revisions"}],"predecessor-version":[{"id":283,"href":"https:\/\/asautomatik.com\/en\/wp-json\/wp\/v2\/pages\/157\/revisions\/283"}],"wp:attachment":[{"href":"https:\/\/asautomatik.com\/en\/wp-json\/wp\/v2\/media?parent=157"}],"curies":[{"name":"wp","href":"https:\/\/api.w.org\/{rel}","templated":true}]}}