{"id":155,"date":"2025-04-08T08:37:33","date_gmt":"2025-04-08T08:37:33","guid":{"rendered":"https:\/\/asautomatik.com\/?page_id=155"},"modified":"2025-04-08T11:34:01","modified_gmt":"2025-04-08T11:34:01","slug":"aviso-legal","status":"publish","type":"page","link":"https:\/\/asautomatik.com\/en\/aviso-legal\/","title":{"rendered":"Legal notice"},"content":{"rendered":"<div data-elementor-type=\"wp-page\" data-elementor-id=\"155\" class=\"elementor elementor-155\">\n\t\t\t\t<div class=\"elementor-element elementor-element-3c5838e e-flex e-con-boxed e-con e-parent\" data-id=\"3c5838e\" data-element_type=\"container\" data-e-type=\"container\">\n\t\t\t\t\t<div class=\"e-con-inner\">\n\t\t\t\t<div class=\"elementor-element elementor-element-4771ede elementor-widget elementor-widget-text-editor\" data-id=\"4771ede\" data-element_type=\"widget\" data-e-type=\"widget\" data-widget_type=\"text-editor.default\">\n\t\t\t\t<div class=\"elementor-widget-container\">\n\t\t\t\t\t\t\t\t\t<h2 class=\"\" data-start=\"255\" data-end=\"277\">General Information<\/h2><p class=\"translation-block\" data-start=\"279\" data-end=\"594\">In compliance with the duty of information set forth in Article 10 of Law 34\/2002, of 11 July, on <strong data-start=\"388\" data-end=\"471\">Information Society Services and Electronic Commerce (LSSI-CE)<\/strong>, users are informed that this website, <a class=\"\" href=\"https:\/\/asautomatik.com\/en\/\" target=\"_new\" rel=\"noopener\" data-start=\"526\" data-end=\"576\">https:\/\/asautomatik.com<\/a>, is the property of:<\/p><ul data-start=\"596\" data-end=\"831\"><li class=\"\" data-start=\"596\" data-end=\"630\"><p class=\"translation-block\" data-start=\"598\" data-end=\"630\"><strong data-start=\"598\" data-en=\"609\">Owner<\/strong>: AS AUTOMATIK S.L.<\/p><\/li><li class=\"\" data-start=\"631\" data-end=\"653\"><p class=\"\" data-start=\"633\" data-end=\"653\"><strong data-start=\"633\" data-end=\"640\">CIF<\/strong>: B12345678<\/p><\/li><li class=\"\" data-start=\"654\" data-end=\"736\"><p class=\"translation-block\" data-start=\"656\" data-end=\"736\"><strong data-start=\"656\" data-end=\"676\">Registered office<\/strong>: <span class=\"elementor-icon-list-text\">Pol. Industrial -No\u00e1in-Esqu\u00edroz- Gune Industriala<\/span> <span class=\"elementor-icon-list-text\">31110 No\u00e1in, Navarra, Espa\u00f1a<\/span><\/p><\/li><li class=\"\" data-start=\"737\" data-end=\"785\"><p class=\"\" data-start=\"739\" data-end=\"785\"><strong data-start=\"739\" data-end=\"761\">Email address<\/strong>:\u00a0<span class=\"elementor-icon-list-text\">info@asautomatik.com<\/span><\/p><\/li><li class=\"\" data-start=\"786\" data-end=\"831\"><p class=\"\" data-start=\"788\" data-end=\"831\"><strong data-start=\"788\" data-end=\"812\">Contact number<\/strong>: +34 <span class=\"elementor-icon-list-text\">948 59 34 54<\/span><\/p><\/li><\/ul><h2 class=\"\" data-start=\"833\" data-end=\"842\">Purpose<\/h2><p class=\"translation-block\" data-start=\"844\" data-end=\"1155\">This website has been created for informative and commercial purposes to present the services and products offered by <strong data-start=\"977\" data-end=\"998\">AS AUTOMATIK S.L.<\/strong>, as well as to enable contact with customers and potential clients interested in automatic door systems, motors, and electronic solutions.<\/p><h2 class=\"\" data-start=\"1157\" data-end=\"1178\">Terms of Use<\/h2><p class=\"\" data-start=\"1180\" data-end=\"1488\">Access and\/or use of this portal attributes the condition of USER, who accepts, from said access and\/or use, the general conditions of use reflected herein. These conditions will be of application independently of the general contracting conditions that in their case result of mandatory compliance.<\/p><p class=\"\" data-start=\"1490\" data-end=\"1640\">The user undertakes to make appropriate use of the content and services that AS AUTOMATIK S.L. offers through its website and not to use them for:<\/p><ul data-start=\"1642\" data-end=\"2281\"><li class=\"\" data-start=\"1642\" data-end=\"1735\"><p class=\"\" data-start=\"1644\" data-end=\"1735\">Engaging in illicit or illegal activities, or those contrary to good faith and public order.<\/p><\/li><li class=\"\" data-start=\"1736\" data-end=\"1895\"><p class=\"\" data-start=\"1738\" data-end=\"1895\">Disseminating content or propaganda of a racist, xenophobic, pornographic or illegal nature, or in support of terrorism, or that violates human rights.<\/p><\/li><li class=\"\" data-start=\"1896\" data-end=\"2013\"><p class=\"\" data-start=\"1898\" data-end=\"2013\">Causing damage to the physical and logical systems of AS AUTOMATIK S.L., its suppliers or third parties.<\/p><\/li><li class=\"\" data-start=\"2014\" data-end=\"2148\"><p class=\"\" data-start=\"2016\" data-end=\"2148\">Introducing or spreading computer viruses or any other physical or logical system in the network that is susceptible to causing damage.<\/p><\/li><li class=\"\" data-start=\"2149\" data-end=\"2281\"><p class=\"\" data-start=\"2151\" data-end=\"2281\">Attempting to access and, in its case, use the email accounts of other users and modifying or manipulating their messages.<\/p><\/li><\/ul><h2 class=\"\" data-start=\"2283\" data-end=\"2320\">Intellectual and Industrial Property<\/h2><p class=\"translation-block\" data-start=\"2322\" data-end=\"2607\">All the contents of the website (texts, images, videos, graphic design, source code, logos, brands, etc.) are owned by <strong data-start=\"2459\" data-end=\"2480\">AS AUTOMATIK S.L.<\/strong> or authorised third parties, and are protected by national and international intellectual and industrial property regulations.<\/p><p class=\"\" data-start=\"2609\" data-end=\"2835\">The total or partial reproduction of this website, as well as any type of use, exploitation, distribution or commercialisation of the contents without the prior written authorisation of the owner, is expressly prohibited.<\/p><h2 class=\"\" data-start=\"2837\" data-end=\"2880\">Exclusion of Warranties and Liability<\/h2><p class=\"translation-block\" data-start=\"2882\" data-end=\"3249\"><strong data-start=\"2882\" data-end=\"2903\">AS AUTOMATIK S.L.<\/strong> shall not be liable, in any case, for damages of any nature that may be caused by, for example: errors or omissions in the content, lack of availability of the website or the transmission of viruses or malicious programmes, despite having adopted all the necessary technological measures to prevent it.<\/p><h2 class=\"\" data-start=\"3251\" data-end=\"3268\">Modifications<\/h2><p class=\"translation-block\" data-start=\"3270\" data-end=\"3510\"><strong data-start=\"3270\" data-end=\"3291\">AS AUTOMATIK S.L.<\/strong> reserves the right to make, without prior notice, any modifications it deems appropriate to its portal, being able to change, delete or add both the content and the services provided through it.<\/p><h2 class=\"\" data-start=\"3512\" data-end=\"3522\">Links<\/h2><p class=\"translation-block\" data-start=\"3524\" data-end=\"3874\">In the event that in <a class=\"\" href=\"https:\/\/asautomatik.com\/en\/\" target=\"_new\" rel=\"noopener\" data-start=\"3545\" data-end=\"3595\">https:\/\/asautomatik.com<\/a> there are links or hyperlinks to other Internet sites, <strong data-start=\"3667\" data-end=\"3688\">AS AUTOMATIK S.L.<\/strong> shall not exercise any type of control over such sites and content. In no case shall it assume any responsibility for the contents of any link belonging to a third-party website.<\/p><h2 class=\"\" data-start=\"3876\" data-end=\"3899\">Right of Exclusion<\/h2><p class=\"translation-block\" data-start=\"3901\" data-end=\"4116\"><strong data-start=\"3901\" data-end=\"3922\">AS AUTOMATIK S.L.<\/strong> reserves the right to deny or withdraw access to the portal and\/or the services offered without prior notice to those users who breach these general terms and conditions of use.<\/p><h2 class=\"\" data-start=\"4118\" data-end=\"4157\">Applicable Law and Jurisdiction<\/h2><p class=\"translation-block\" data-start=\"4159\" data-end=\"4331\">The relationship between <strong data-start=\"4177\" data-end=\"4198\">AS AUTOMATIK S.L.<\/strong> and the USER shall be governed by current Spanish regulations, and any dispute shall be submitted to the Courts and tribunals of Madrid.<\/p>\t\t\t\t\t\t\t\t<\/div>\n\t\t\t\t<\/div>\n\t\t\t\t\t<\/div>\n\t\t\t\t<\/div>\n\t\t\t\t<\/div>","protected":false},"excerpt":{"rendered":"<p>Informaci\u00f3n General En cumplimiento con el deber de informaci\u00f3n recogido en el art\u00edculo 10 de la Ley 34\/2002, de 11 de julio, de Servicios de la Sociedad de la Informaci\u00f3n y del Comercio Electr\u00f3nico (LSSI-CE), se informa a los usuarios que el presente sitio web, https:\/\/asautomatik.com, es propiedad de: Titular: AS AUTOMATIK S.L. CIF: B12345678 [&hellip;]<\/p>\n","protected":false},"author":1,"featured_media":0,"parent":0,"menu_order":0,"comment_status":"closed","ping_status":"closed","template":"","meta":{"footnotes":""},"class_list":["post-155","page","type-page","status-publish","hentry"],"aioseo_notices":[],"_links":{"self":[{"href":"https:\/\/asautomatik.com\/en\/wp-json\/wp\/v2\/pages\/155","targetHints":{"allow":["GET"]}}],"collection":[{"href":"https:\/\/asautomatik.com\/en\/wp-json\/wp\/v2\/pages"}],"about":[{"href":"https:\/\/asautomatik.com\/en\/wp-json\/wp\/v2\/types\/page"}],"author":[{"embeddable":true,"href":"https:\/\/asautomatik.com\/en\/wp-json\/wp\/v2\/users\/1"}],"replies":[{"embeddable":true,"href":"https:\/\/asautomatik.com\/en\/wp-json\/wp\/v2\/comments?post=155"}],"version-history":[{"count":7,"href":"https:\/\/asautomatik.com\/en\/wp-json\/wp\/v2\/pages\/155\/revisions"}],"predecessor-version":[{"id":279,"href":"https:\/\/asautomatik.com\/en\/wp-json\/wp\/v2\/pages\/155\/revisions\/279"}],"wp:attachment":[{"href":"https:\/\/asautomatik.com\/en\/wp-json\/wp\/v2\/media?parent=155"}],"curies":[{"name":"wp","href":"https:\/\/api.w.org\/{rel}","templated":true}]}}