{"id":1516,"date":"2026-02-17T14:53:05","date_gmt":"2026-02-17T14:53:05","guid":{"rendered":"https:\/\/asautomatik.com\/?page_id=1516"},"modified":"2026-02-18T15:25:47","modified_gmt":"2026-02-18T15:25:47","slug":"vision-artificial-2","status":"publish","type":"page","link":"https:\/\/asautomatik.com\/en\/vision-artificial-2\/","title":{"rendered":"A) Visi\u00f3n Artificial"},"content":{"rendered":"<div data-elementor-type=\"wp-page\" data-elementor-id=\"1516\" class=\"elementor elementor-1516\">\n\t\t\t\t<div class=\"elementor-element elementor-element-61b04a1a e-con-full e-flex e-con e-parent\" data-id=\"61b04a1a\" data-element_type=\"container\" data-e-type=\"container\" data-settings=\"{&quot;background_background&quot;:&quot;classic&quot;}\">\n\t\t<div class=\"elementor-element elementor-element-6f2c7fce e-flex e-con-boxed e-con e-child\" data-id=\"6f2c7fce\" data-element_type=\"container\" data-e-type=\"container\">\n\t\t\t\t\t<div class=\"e-con-inner\">\n\t\t\t\t<div class=\"elementor-element elementor-element-113ed5b7 elementor-widget elementor-widget-heading\" data-id=\"113ed5b7\" data-element_type=\"widget\" data-e-type=\"widget\" data-widget_type=\"heading.default\">\n\t\t\t\t<div class=\"elementor-widget-container\">\n\t\t\t\t\t<h2 class=\"elementor-heading-title elementor-size-default\">Visi\u00f3n Artificial<br>\n<span style=\"font-size:18px;color: #d6d6d6\">High-precision bespoke tools to optimise your industrial processes.<\/span><\/h2>\t\t\t\t<\/div>\n\t\t\t\t<\/div>\n\t\t\t\t\t<\/div>\n\t\t\t\t<\/div>\n\t\t\t\t<\/div>\n\t\t<div class=\"elementor-element elementor-element-17881ddd e-flex e-con-boxed e-con e-parent\" data-id=\"17881ddd\" data-element_type=\"container\" data-e-type=\"container\">\n\t\t\t\t\t<div class=\"e-con-inner\">\n\t\t\t\t<div class=\"elementor-element elementor-element-66000fcb elementor-widget elementor-widget-spacer\" data-id=\"66000fcb\" data-element_type=\"widget\" data-e-type=\"widget\" data-widget_type=\"spacer.default\">\n\t\t\t\t<div class=\"elementor-widget-container\">\n\t\t\t\t\t\t\t<div class=\"elementor-spacer\">\n\t\t\t<div class=\"elementor-spacer-inner\"><\/div>\n\t\t<\/div>\n\t\t\t\t\t\t<\/div>\n\t\t\t\t<\/div>\n\t\t\t\t\t<\/div>\n\t\t\t\t<\/div>\n\t\t<div class=\"elementor-element elementor-element-58b16f0b e-flex e-con-boxed e-con e-parent\" data-id=\"58b16f0b\" data-element_type=\"container\" data-e-type=\"container\">\n\t\t\t\t\t<div class=\"e-con-inner\">\n\t\t\t\t<div class=\"elementor-element elementor-element-198e1b12 elementor-widget elementor-widget-text-editor\" data-id=\"198e1b12\" data-element_type=\"widget\" data-e-type=\"widget\" data-widget_type=\"text-editor.default\">\n\t\t\t\t<div class=\"elementor-widget-container\">\n\t\t\t\t\t\t\t\t\t<h4 style=\"text-align: center;\" class=\"translation-block\">At <strong><span style=\"color: #007eb1\">AS AUTOMATIK<\/span><\/strong>, we specialise in the manufacture of high-precision tooling geared towards meeting the needs of the industrial, professional, and technical sectors.<\/h4>\t\t\t\t\t\t\t\t<\/div>\n\t\t\t\t<\/div>\n\t\t\t\t\t<\/div>\n\t\t\t\t<\/div>\n\t\t<div class=\"elementor-element elementor-element-329a3f2f e-flex e-con-boxed e-con e-parent\" data-id=\"329a3f2f\" data-element_type=\"container\" data-e-type=\"container\">\n\t\t\t\t\t<div class=\"e-con-inner\">\n\t\t\t\t<div class=\"elementor-element elementor-element-5ffb3706 elementor-widget elementor-widget-spacer\" data-id=\"5ffb3706\" data-element_type=\"widget\" data-e-type=\"widget\" data-widget_type=\"spacer.default\">\n\t\t\t\t<div class=\"elementor-widget-container\">\n\t\t\t\t\t\t\t<div class=\"elementor-spacer\">\n\t\t\t<div class=\"elementor-spacer-inner\"><\/div>\n\t\t<\/div>\n\t\t\t\t\t\t<\/div>\n\t\t\t\t<\/div>\n\t\t\t\t\t<\/div>\n\t\t\t\t<\/div>\n\t\t<div class=\"elementor-element elementor-element-590fc866 e-flex e-con-boxed e-con e-parent\" data-id=\"590fc866\" data-element_type=\"container\" data-e-type=\"container\">\n\t\t\t\t\t<div class=\"e-con-inner\">\n\t\t<div class=\"elementor-element elementor-element-f30234d e-con-full e-flex e-con e-child\" data-id=\"f30234d\" data-element_type=\"container\" data-e-type=\"container\">\n\t\t\t\t<div class=\"elementor-element elementor-element-12fed6cc elementor-widget elementor-widget-text-editor\" data-id=\"12fed6cc\" data-element_type=\"widget\" data-e-type=\"widget\" data-widget_type=\"text-editor.default\">\n\t\t\t\t<div class=\"elementor-widget-container\">\n\t\t\t\t\t\t\t\t\t<h2><span style=\"color: #000000;\">C\u00e1maras 2D \/ 3D<\/span><\/h2><p>Selecci\u00f3n e instalaci\u00f3n de sistemas de captura de imagen para procesos industriales.<\/p>\t\t\t\t\t\t\t\t<\/div>\n\t\t\t\t<\/div>\n\t\t\t\t<div class=\"elementor-element elementor-element-aa573cb elementor-widget elementor-widget-text-editor\" data-id=\"aa573cb\" data-element_type=\"widget\" data-e-type=\"widget\" data-widget_type=\"text-editor.default\">\n\t\t\t\t<div class=\"elementor-widget-container\">\n\t\t\t\t\t\t\t\t\t<h2 style=\"color: #3b3c3d; font-family: Lato, sans-serif;\"><span style=\"color: #000000;\">Iluminaci\u00f3n industrial<\/span><\/h2><p style=\"color: #3b3c3d;\">Dise\u00f1o y aplicaci\u00f3n de soluciones de iluminaci\u00f3n adecuadas para adquisici\u00f3n de im\u00e1genes de alta calidad.<\/p>\t\t\t\t\t\t\t\t<\/div>\n\t\t\t\t<\/div>\n\t\t\t\t<\/div>\n\t\t\t\t\t<\/div>\n\t\t\t\t<\/div>\n\t\t<div class=\"elementor-element elementor-element-6f12acd9 e-flex e-con-boxed e-con e-parent\" data-id=\"6f12acd9\" data-element_type=\"container\" data-e-type=\"container\">\n\t\t\t\t\t<div class=\"e-con-inner\">\n\t\t<div class=\"elementor-element elementor-element-b50d6ea e-con-full e-flex e-con e-child\" data-id=\"b50d6ea\" data-element_type=\"container\" data-e-type=\"container\">\n\t\t\t\t<div class=\"elementor-element elementor-element-43f44b2 elementor-widget elementor-widget-image\" data-id=\"43f44b2\" data-element_type=\"widget\" data-e-type=\"widget\" data-widget_type=\"image.default\">\n\t\t\t\t<div class=\"elementor-widget-container\">\n\t\t\t\t\t\t\t\t\t\t\t\t\t\t\t<img decoding=\"async\" src=\"https:\/\/asautomatik.com\/wp-content\/plugins\/elementor\/assets\/images\/placeholder.png\" title=\"\" alt=\"\" loading=\"lazy\" \/>\t\t\t\t\t\t\t\t\t\t\t\t\t\t\t<\/div>\n\t\t\t\t<\/div>\n\t\t\t\t<\/div>\n\t\t\t\t\t<\/div>\n\t\t\t\t<\/div>\n\t\t<div class=\"elementor-element elementor-element-79e31d0e e-flex e-con-boxed e-con e-parent\" data-id=\"79e31d0e\" data-element_type=\"container\" data-e-type=\"container\">\n\t\t\t\t\t<div class=\"e-con-inner\">\n\t\t<div class=\"elementor-element elementor-element-6dffcc92 e-con-full e-flex e-con e-child\" data-id=\"6dffcc92\" data-element_type=\"container\" data-e-type=\"container\">\n\t\t\t\t<div class=\"elementor-element elementor-element-5fd27a97 elementor-widget__width-initial elementor-widget elementor-widget-text-editor\" data-id=\"5fd27a97\" data-element_type=\"widget\" data-e-type=\"widget\" data-widget_type=\"text-editor.default\">\n\t\t\t\t<div class=\"elementor-widget-container\">\n\t\t\t\t\t\t\t\t\t<h2><span style=\"color: #000000;\">Procesamiento de imagen<\/span><\/h2>\n<p>An\u00e1lisis de im\u00e1genes mediante algoritmos para extracci\u00f3n de informaci\u00f3n y toma de decisiones.<\/p>\t\t\t\t\t\t\t\t<\/div>\n\t\t\t\t<\/div>\n\t\t\t\t<\/div>\n\t\t<div class=\"elementor-element elementor-element-7a602cec e-con-full e-flex e-con e-child\" data-id=\"7a602cec\" data-element_type=\"container\" data-e-type=\"container\">\n\t\t\t\t<div class=\"elementor-element elementor-element-ecf6616 elementor-widget elementor-widget-text-editor\" data-id=\"ecf6616\" data-element_type=\"widget\" data-e-type=\"widget\" data-widget_type=\"text-editor.default\">\n\t\t\t\t<div class=\"elementor-widget-container\">\n\t\t\t\t\t\t\t\t\t<h2 style=\"color: #3b3c3d; font-family: Lato, sans-serif; text-align: justify;\"><span style=\"color: #000000;\">Inspecci\u00f3n, guiado y medici\u00f3n<\/span><\/h2><p style=\"color: #3b3c3d; text-align: justify;\">Implementaci\u00f3n de sistemas para control de calidad, posicionamiento de piezas y mediciones precisas.<\/p>\t\t\t\t\t\t\t\t<\/div>\n\t\t\t\t<\/div>\n\t\t\t\t<\/div>\n\t\t\t\t\t<\/div>\n\t\t\t\t<\/div>\n\t\t<div class=\"elementor-element elementor-element-2c68d858 e-flex e-con-boxed e-con e-parent\" data-id=\"2c68d858\" data-element_type=\"container\" data-e-type=\"container\">\n\t\t\t\t\t<div class=\"e-con-inner\">\n\t\t\t\t<div class=\"elementor-element elementor-element-617451cc elementor-widget-divider--view-line elementor-widget elementor-widget-divider\" data-id=\"617451cc\" data-element_type=\"widget\" data-e-type=\"widget\" data-widget_type=\"divider.default\">\n\t\t\t\t<div class=\"elementor-widget-container\">\n\t\t\t\t\t\t\t<div class=\"elementor-divider\">\n\t\t\t<span class=\"elementor-divider-separator\">\n\t\t\t\t\t\t<\/span>\n\t\t<\/div>\n\t\t\t\t\t\t<\/div>\n\t\t\t\t<\/div>\n\t\t\t\t\t<\/div>\n\t\t\t\t<\/div>\n\t\t<div class=\"elementor-element elementor-element-beab4d8 e-flex e-con-boxed e-con e-parent\" data-id=\"beab4d8\" data-element_type=\"container\" data-e-type=\"container\">\n\t\t\t\t\t<div class=\"e-con-inner\">\n\t\t\t\t<div class=\"elementor-element elementor-element-44210dac elementor-widget elementor-widget-text-editor\" data-id=\"44210dac\" data-element_type=\"widget\" data-e-type=\"widget\" data-widget_type=\"text-editor.default\">\n\t\t\t\t<div class=\"elementor-widget-container\">\n\t\t\t\t\t\t\t\t\t<h2><span style=\"color: #000000;\">Integraci\u00f3n con sistemas de control<\/span><\/h2><p><span style=\"color: #000000;\">Conexi\u00f3n de sistemas de visi\u00f3n con PLC, robots y otros dispositivos para la automatizaci\u00f3n completa del proceso.<\/span><\/p>\t\t\t\t\t\t\t\t<\/div>\n\t\t\t\t<\/div>\n\t\t\t\t\t<\/div>\n\t\t\t\t<\/div>\n\t\t\t\t<\/div>","protected":false},"excerpt":{"rendered":"<p>Visi\u00f3n Artificial Herramientas personalizadas de alta precisi\u00f3n para optimizar tus procesos industriales. En AS AUTOMATIK, nos especializamos en la fabricaci\u00f3n de herramientas de alta precisi\u00f3n orientadas a cubrir las necesidades del sector industrial, profesional y t\u00e9cnico. C\u00e1maras 2D \/ 3D Selecci\u00f3n e instalaci\u00f3n de sistemas de captura de imagen para procesos industriales. Iluminaci\u00f3n industrial Dise\u00f1o [&hellip;]<\/p>\n","protected":false},"author":1,"featured_media":0,"parent":0,"menu_order":0,"comment_status":"closed","ping_status":"closed","template":"","meta":{"footnotes":""},"class_list":["post-1516","page","type-page","status-publish","hentry"],"aioseo_notices":[],"_links":{"self":[{"href":"https:\/\/asautomatik.com\/en\/wp-json\/wp\/v2\/pages\/1516","targetHints":{"allow":["GET"]}}],"collection":[{"href":"https:\/\/asautomatik.com\/en\/wp-json\/wp\/v2\/pages"}],"about":[{"href":"https:\/\/asautomatik.com\/en\/wp-json\/wp\/v2\/types\/page"}],"author":[{"embeddable":true,"href":"https:\/\/asautomatik.com\/en\/wp-json\/wp\/v2\/users\/1"}],"replies":[{"embeddable":true,"href":"https:\/\/asautomatik.com\/en\/wp-json\/wp\/v2\/comments?post=1516"}],"version-history":[{"count":16,"href":"https:\/\/asautomatik.com\/en\/wp-json\/wp\/v2\/pages\/1516\/revisions"}],"predecessor-version":[{"id":1583,"href":"https:\/\/asautomatik.com\/en\/wp-json\/wp\/v2\/pages\/1516\/revisions\/1583"}],"wp:attachment":[{"href":"https:\/\/asautomatik.com\/en\/wp-json\/wp\/v2\/media?parent=1516"}],"curies":[{"name":"wp","href":"https:\/\/api.w.org\/{rel}","templated":true}]}}